{"id":7433,"date":"2024-06-10T14:18:30","date_gmt":"2024-06-10T20:18:30","guid":{"rendered":"https:\/\/redporlaciberseguridad.org\/?post_type=product&#038;p=7433"},"modified":"2025-01-20T13:26:21","modified_gmt":"2025-01-20T19:26:21","slug":"protege-tu-whatsapp-manual","status":"publish","type":"product","link":"https:\/\/redporlaciberseguridad.org\/en\/product\/protege-tu-whatsapp-manual\/","title":{"rendered":"Gu\u00eda Protege tu WhatsApp"},"content":{"rendered":"<p>Evita que tu Whatsapp sea hackeado y que personas no deseadas lean tus mensajes o env\u00eden mensajes a tu nombre.<\/p>\n<p>Esta gu\u00eda te ayudar\u00e1 paso a paso a configurar tu Whatsapp proteger tus conversaciones y privacidad. La gu\u00eda cubre temas como:<\/p>\n<ul>\n<li>Identificar si alguien ve tus conversaciones<\/li>\n<li>Bloquear tu tel\u00e9fono celular<\/li>\n<li>Establecer autenticaci\u00f3n de dos factores<\/li>\n<li>Crear respaldos de tus conversaciones<\/li>\n<li>Configurar opciones de privacidad (qui\u00e9n puede ver tu foto y estados)<\/li>\n<\/ul>\n<p>Al adquirir tu gu\u00eda de Protecci\u00f3n de WhatsApp podr\u00e1s solicitar SIN COSTO adicional una SESI\u00d3N DE ASESOR\u00cdA virtual a trav\u00e9s de Teams de duraci\u00f3n de 45 minutos donde te ayudaremos a resolver dudas y configurar las opciones de seguridad y privacidad.<\/p>\n<p>Tendr\u00e1s 15 d\u00edas para descargar tu manual y\/o solicitar la asesor\u00eda.<\/p>","protected":false},"excerpt":{"rendered":"<p>Adquiere tu gu\u00eda para proteger tus conversaciones e im\u00e1genes de Whatsapp.<\/p>","protected":false},"featured_media":7432,"comment_status":"open","ping_status":"closed","template":"","meta":{"site-sidebar-layout":"default","site-content-layout":"","ast-site-content-layout":"default","site-content-style":"default","site-sidebar-style":"default","ast-global-header-display":"","ast-banner-title-visibility":"","ast-main-header-display":"","ast-hfb-above-header-display":"","ast-hfb-below-header-display":"","ast-hfb-mobile-header-display":"","site-post-title":"","ast-breadcrumbs-content":"","ast-featured-img":"","footer-sml-layout":"","ast-disable-related-posts":"","theme-transparent-header-meta":"disabled","adv-header-id-meta":"","stick-header-meta":"default","header-above-stick-meta":"","header-main-stick-meta":"","header-below-stick-meta":"","astra-migrate-meta-layouts":"set","ast-page-background-enabled":"default","ast-page-background-meta":{"desktop":{"background-color":"var(--ast-global-color-4)","background-image":"","background-repeat":"repeat","background-position":"center center","background-size":"auto","background-attachment":"scroll","background-type":"","background-media":"","overlay-type":"","overlay-color":"","overlay-opacity":"","overlay-gradient":""},"tablet":{"background-color":"","background-image":"","background-repeat":"repeat","background-position":"center center","background-size":"auto","background-attachment":"scroll","background-type":"","background-media":"","overlay-type":"","overlay-color":"","overlay-opacity":"","overlay-gradient":""},"mobile":{"background-color":"","background-image":"","background-repeat":"repeat","background-position":"center center","background-size":"auto","background-attachment":"scroll","background-type":"","background-media":"","overlay-type":"","overlay-color":"","overlay-opacity":"","overlay-gradient":""}},"ast-content-background-meta":{"desktop":{"background-color":"var(--ast-global-color-5)","background-image":"","background-repeat":"repeat","background-position":"center center","background-size":"auto","background-attachment":"scroll","background-type":"","background-media":"","overlay-type":"","overlay-color":"","overlay-opacity":"","overlay-gradient":""},"tablet":{"background-color":"var(--ast-global-color-5)","background-image":"","background-repeat":"repeat","background-position":"center center","background-size":"auto","background-attachment":"scroll","background-type":"","background-media":"","overlay-type":"","overlay-color":"","overlay-opacity":"","overlay-gradient":""},"mobile":{"background-color":"var(--ast-global-color-5)","background-image":"","background-repeat":"repeat","background-position":"center center","background-size":"auto","background-attachment":"scroll","background-type":"","background-media":"","overlay-type":"","overlay-color":"","overlay-opacity":"","overlay-gradient":""}}},"product_brand":[],"product_cat":[113],"product_tag":[],"class_list":{"0":"post-7433","1":"product","2":"type-product","3":"status-publish","4":"has-post-thumbnail","6":"product_cat-manuales","7":"desktop-align-left","8":"tablet-align-left","9":"mobile-align-left","10":"ast-product-gallery-layout-horizontal-slider","11":"ast-product-tabs-layout-horizontal","13":"first","14":"instock","15":"sale","16":"downloadable","17":"taxable","18":"shipping-taxable","19":"purchasable","20":"product-type-simple"},"_links":{"self":[{"href":"https:\/\/redporlaciberseguridad.org\/en\/wp-json\/wp\/v2\/product\/7433","targetHints":{"allow":["GET"]}}],"collection":[{"href":"https:\/\/redporlaciberseguridad.org\/en\/wp-json\/wp\/v2\/product"}],"about":[{"href":"https:\/\/redporlaciberseguridad.org\/en\/wp-json\/wp\/v2\/types\/product"}],"replies":[{"embeddable":true,"href":"https:\/\/redporlaciberseguridad.org\/en\/wp-json\/wp\/v2\/comments?post=7433"}],"wp:featuredmedia":[{"embeddable":true,"href":"https:\/\/redporlaciberseguridad.org\/en\/wp-json\/wp\/v2\/media\/7432"}],"wp:attachment":[{"href":"https:\/\/redporlaciberseguridad.org\/en\/wp-json\/wp\/v2\/media?parent=7433"}],"wp:term":[{"taxonomy":"product_brand","embeddable":true,"href":"https:\/\/redporlaciberseguridad.org\/en\/wp-json\/wp\/v2\/product_brand?post=7433"},{"taxonomy":"product_cat","embeddable":true,"href":"https:\/\/redporlaciberseguridad.org\/en\/wp-json\/wp\/v2\/product_cat?post=7433"},{"taxonomy":"product_tag","embeddable":true,"href":"https:\/\/redporlaciberseguridad.org\/en\/wp-json\/wp\/v2\/product_tag?post=7433"}],"curies":[{"name":"wp","href":"https:\/\/api.w.org\/{rel}","templated":true}]}}