{"id":6320,"date":"2024-04-13T19:27:32","date_gmt":"2024-04-14T01:27:32","guid":{"rendered":"https:\/\/redporlaciberseguridad.org\/?post_type=product&#038;p=6320"},"modified":"2026-04-24T02:24:34","modified_gmt":"2026-04-24T08:24:34","slug":"voucher-para-examen-de-certificacion-microsoft","status":"publish","type":"product","link":"https:\/\/redporlaciberseguridad.org\/en\/product\/voucher-para-examen-de-certificacion-microsoft\/","title":{"rendered":"Voucher for Microsoft Certification Exam"},"content":{"rendered":"<p>Through this product, you will be able to obtain a <em>voucher<\/em> To apply for the Microsoft Certification Exam. The <em>voucher<\/em> It will be valid only for one of the following exams, and you must schedule it through the Microsoft website:<\/p>\n<ul>\n<li>Azure AI Fundamentals (AI-900) &#8211; <a href=\"https:\/\/learn.microsoft.com\/en-us\/credentials\/certifications\/azure-ai-fundamentals\/\">Exam details and scheduling<\/a><\/li>\n<li>Exam details and scheduling <a href=\"https:\/\/learn.microsoft.com\/en-us\/credentials\/certifications\/security-compliance-and-identity-fundamentals\/\">Exam details and scheduling<\/a><\/li>\n<li>Security Operations Analyst Associate (SC-200) &#8211; <a href=\"https:\/\/learn.microsoft.com\/es-es\/credentials\/certifications\/security-operations-analyst\/\">Exam details and scheduling<\/a><\/li>\n<\/ul>\n<p><em><strong>El voucher es v\u00e1lido \u00fanicamente para personas de M\u00e9xico y Am\u00e9rica Latina.\u00a0<\/strong><\/em><\/p>\n<p><em><strong>What is a voucher?<\/strong><\/em><br \/>\nIt's a pass that allows you to take an internationally recognized Microsoft certification exam. With this voucher, you get a preferential discount on the original exam price. Our vouchers offer you a 100% discount with Microsoft<\/p>\n<p><em><strong>How is it used?<\/strong><\/em><br \/>\nCuando contrates el Voucher recibir\u00e1s por correo el c\u00f3digo de activaci\u00f3n para que puedas ingresarlo en la p\u00e1gina oficial y elegir la fecha en que quieras certificarte. Tendr\u00e1s 30 d\u00edas para activar el <em>voucher posteriores a la compra.<\/em><\/p>\n<p><strong>How do I redeem my voucher?<\/strong><\/p>\n<p>Please review the following manual to learn how to redeem your voucher:\u00a0 <a href=\"https:\/\/redporlaciberseguridad.org\/wp-content\/uploads\/2024\/09\/MANUAL-DE-PROGRAMACION-DE-EXAMEN-IA-900-.pdf\">MANUAL DE PROGRAMACI\u00d3N DE EXAMEN IA-900.pdf<\/a><\/p>\n<p>El Manual refiere \u00fanicamente al examen IA-900 si deseas programar el Examen SC-900 o SC-200 deber\u00e1s iniciar el proceso desde la p\u00e1gina de cada curso.<\/p>\n<p>&nbsp;<\/p>\n<p><em><strong>Important considerations<\/strong><\/em><\/p>\n<p>The voucher can only be used once, and you must complete the exam scheduling process at the time you use the voucher. There are no refunds for errors in the exam scheduling process or for issues on the day of the exam.<\/p>","protected":false},"excerpt":{"rendered":"<p>Through this product, you will be able to obtain a <em>voucher<\/em> To apply for the Microsoft Certification Exam. The <em>voucher<\/em> It will be valid only for one of the following exams, and you must schedule it through the Microsoft website:<\/p>\n<ul>\n<li>Azure AI Fundamentals (AI-900) &#8211; <a href=\"https:\/\/learn.microsoft.com\/en-us\/credentials\/certifications\/azure-ai-fundamentals\/\">Exam details and scheduling<\/a><\/li>\n<li>Exam details and scheduling <a href=\"https:\/\/learn.microsoft.com\/en-us\/credentials\/certifications\/security-compliance-and-identity-fundamentals\/\">Exam details and scheduling<\/a><\/li>\n<li>Security Operations Analyst Associate (SC-200) &#8211; <a href=\"https:\/\/learn.microsoft.com\/es-es\/credentials\/certifications\/security-operations-analyst\/\">Exam details and scheduling<\/a><\/li>\n<\/ul>\n<p><em><strong>El voucher es v\u00e1lido \u00fanicamente para personas de M\u00e9xico y Am\u00e9rica Latina.<\/strong><\/em><\/p>","protected":false},"featured_media":6321,"comment_status":"open","ping_status":"closed","template":"","meta":{"site-sidebar-layout":"default","site-content-layout":"","ast-site-content-layout":"default","site-content-style":"default","site-sidebar-style":"default","ast-global-header-display":"","ast-banner-title-visibility":"","ast-main-header-display":"","ast-hfb-above-header-display":"","ast-hfb-below-header-display":"","ast-hfb-mobile-header-display":"","site-post-title":"","ast-breadcrumbs-content":"","ast-featured-img":"","footer-sml-layout":"","ast-disable-related-posts":"","theme-transparent-header-meta":"disabled","adv-header-id-meta":"","stick-header-meta":"default","header-above-stick-meta":"","header-main-stick-meta":"","header-below-stick-meta":"","astra-migrate-meta-layouts":"set","ast-page-background-enabled":"default","ast-page-background-meta":{"desktop":{"background-color":"var(--ast-global-color-4)","background-image":"","background-repeat":"repeat","background-position":"center center","background-size":"auto","background-attachment":"scroll","background-type":"","background-media":"","overlay-type":"","overlay-color":"","overlay-opacity":"","overlay-gradient":""},"tablet":{"background-color":"","background-image":"","background-repeat":"repeat","background-position":"center center","background-size":"auto","background-attachment":"scroll","background-type":"","background-media":"","overlay-type":"","overlay-color":"","overlay-opacity":"","overlay-gradient":""},"mobile":{"background-color":"","background-image":"","background-repeat":"repeat","background-position":"center center","background-size":"auto","background-attachment":"scroll","background-type":"","background-media":"","overlay-type":"","overlay-color":"","overlay-opacity":"","overlay-gradient":""}},"ast-content-background-meta":{"desktop":{"background-color":"var(--ast-global-color-5)","background-image":"","background-repeat":"repeat","background-position":"center center","background-size":"auto","background-attachment":"scroll","background-type":"","background-media":"","overlay-type":"","overlay-color":"","overlay-opacity":"","overlay-gradient":""},"tablet":{"background-color":"var(--ast-global-color-5)","background-image":"","background-repeat":"repeat","background-position":"center center","background-size":"auto","background-attachment":"scroll","background-type":"","background-media":"","overlay-type":"","overlay-color":"","overlay-opacity":"","overlay-gradient":""},"mobile":{"background-color":"var(--ast-global-color-5)","background-image":"","background-repeat":"repeat","background-position":"center center","background-size":"auto","background-attachment":"scroll","background-type":"","background-media":"","overlay-type":"","overlay-color":"","overlay-opacity":"","overlay-gradient":""}}},"product_brand":[],"product_cat":[110],"product_tag":[],"class_list":{"0":"post-6320","1":"product","2":"type-product","3":"status-publish","4":"has-post-thumbnail","6":"product_cat-voucher","7":"desktop-align-left","8":"tablet-align-left","9":"mobile-align-left","10":"ast-product-gallery-layout-horizontal-slider","11":"ast-product-gallery-with-no-image","12":"ast-product-tabs-layout-horizontal","14":"first","15":"outofstock","16":"sale","17":"virtual","18":"sold-individually","19":"taxable","20":"purchasable","21":"product-type-simple"},"_links":{"self":[{"href":"https:\/\/redporlaciberseguridad.org\/en\/wp-json\/wp\/v2\/product\/6320","targetHints":{"allow":["GET"]}}],"collection":[{"href":"https:\/\/redporlaciberseguridad.org\/en\/wp-json\/wp\/v2\/product"}],"about":[{"href":"https:\/\/redporlaciberseguridad.org\/en\/wp-json\/wp\/v2\/types\/product"}],"replies":[{"embeddable":true,"href":"https:\/\/redporlaciberseguridad.org\/en\/wp-json\/wp\/v2\/comments?post=6320"}],"wp:featuredmedia":[{"embeddable":true,"href":"https:\/\/redporlaciberseguridad.org\/en\/wp-json\/wp\/v2\/media\/6321"}],"wp:attachment":[{"href":"https:\/\/redporlaciberseguridad.org\/en\/wp-json\/wp\/v2\/media?parent=6320"}],"wp:term":[{"taxonomy":"product_brand","embeddable":true,"href":"https:\/\/redporlaciberseguridad.org\/en\/wp-json\/wp\/v2\/product_brand?post=6320"},{"taxonomy":"product_cat","embeddable":true,"href":"https:\/\/redporlaciberseguridad.org\/en\/wp-json\/wp\/v2\/product_cat?post=6320"},{"taxonomy":"product_tag","embeddable":true,"href":"https:\/\/redporlaciberseguridad.org\/en\/wp-json\/wp\/v2\/product_tag?post=6320"}],"curies":[{"name":"wp","href":"https:\/\/api.w.org\/{rel}","templated":true}]}}